{"id":445,"date":"2016-09-27T10:30:02","date_gmt":"2016-09-27T10:30:02","guid":{"rendered":"http:\/\/fitness2.mythemecloud.io\/?page_id=445"},"modified":"2025-03-26T01:46:06","modified_gmt":"2025-03-26T00:46:06","slug":"contact","status":"publish","type":"page","link":"https:\/\/cleaning.fr\/index.php\/contact\/","title":{"rendered":"Nous contacter"},"content":{"rendered":"\t\t<div data-elementor-type=\"wp-post\" data-elementor-id=\"445\" class=\"elementor elementor-445\">\n\t\t\t\t<div class=\"elementor-element elementor-element-a54e223 e-flex e-con-boxed e-con e-parent\" data-id=\"a54e223\" data-element_type=\"container\" data-e-type=\"container\">\n\t\t\t\t\t<div class=\"e-con-inner\">\n\t\t\t\t<div class=\"elementor-element elementor-element-67218ea elementor-widget elementor-widget-spacer\" data-id=\"67218ea\" data-element_type=\"widget\" data-e-type=\"widget\" data-widget_type=\"spacer.default\">\n\t\t\t\t<div class=\"elementor-widget-container\">\n\t\t\t\t\t\t\t<div class=\"elementor-spacer\">\n\t\t\t<div class=\"elementor-spacer-inner\"><\/div>\n\t\t<\/div>\n\t\t\t\t\t\t<\/div>\n\t\t\t\t<\/div>\n\t\t\t\t\t<\/div>\n\t\t\t\t<\/div>\n\t\t<div class=\"elementor-element elementor-element-f223456 e-flex e-con-boxed e-con e-parent\" data-id=\"f223456\" data-element_type=\"container\" data-e-type=\"container\">\n\t\t\t\t\t<div class=\"e-con-inner\">\n\t\t<div class=\"elementor-element elementor-element-292b9f4 e-con-full e-flex e-con e-child\" data-id=\"292b9f4\" data-element_type=\"container\" data-e-type=\"container\">\n\t\t\t\t<div class=\"elementor-element elementor-element-9856735 elementor-position-top elementor-widget elementor-widget-image-box\" data-id=\"9856735\" data-element_type=\"widget\" data-e-type=\"widget\" data-widget_type=\"image-box.default\">\n\t\t\t\t<div class=\"elementor-widget-container\">\n\t\t\t\t\t<div class=\"elementor-image-box-wrapper\"><figure class=\"elementor-image-box-img\"><img fetchpriority=\"high\" decoding=\"async\" width=\"300\" height=\"300\" src=\"https:\/\/i0.wp.com\/cleaning.fr\/wp-content\/uploads\/2024\/01\/Poza-Cleaning-Contact.png?fit=300%2C300&amp;ssl=1\" class=\"attachment-medium size-medium wp-image-1517\" alt=\"\" srcset=\"https:\/\/i0.wp.com\/cleaning.fr\/wp-content\/uploads\/2024\/01\/Poza-Cleaning-Contact.png?w=1024&amp;ssl=1 1024w, https:\/\/i0.wp.com\/cleaning.fr\/wp-content\/uploads\/2024\/01\/Poza-Cleaning-Contact.png?resize=300%2C300&amp;ssl=1 300w, https:\/\/i0.wp.com\/cleaning.fr\/wp-content\/uploads\/2024\/01\/Poza-Cleaning-Contact.png?resize=150%2C150&amp;ssl=1 150w, https:\/\/i0.wp.com\/cleaning.fr\/wp-content\/uploads\/2024\/01\/Poza-Cleaning-Contact.png?resize=768%2C768&amp;ssl=1 768w, https:\/\/i0.wp.com\/cleaning.fr\/wp-content\/uploads\/2024\/01\/Poza-Cleaning-Contact.png?resize=600%2C600&amp;ssl=1 600w\" sizes=\"(max-width: 300px) 100vw, 300px\" \/><\/figure><div class=\"elementor-image-box-content\"><h3 class=\"elementor-image-box-title\">L'\u00e9quipe de Cleaning est disponible pour r\u00e9pondre \u00e0 toutes vos interrogations.<\/h3><p class=\"elementor-image-box-description\">Vous envisagez de solliciter nos <b>services de nettoyage<\/b> dans les r\u00e9gions de<b> Cannes, Mougins, Mandelieu, Golfe Juan, Juan les Pins, Antibes et Sophia Antipolis, Monaco, Saint-Tropez  <\/b>? Pour nous joindre, veuillez remplir le formulaire ci-dessous et appuyez sur <b>\u201cEnvoyer\u201d<\/b>.<\/p><\/div><\/div>\t\t\t\t<\/div>\n\t\t\t\t<\/div>\n\t\t\t\t<\/div>\n\t\t<div class=\"elementor-element elementor-element-40d7d1b e-con-full e-flex e-con e-child\" data-id=\"40d7d1b\" data-element_type=\"container\" data-e-type=\"container\">\n\t\t\t\t<div class=\"elementor-element elementor-element-559ecbd elementor-widget elementor-widget-wpforms\" data-id=\"559ecbd\" data-element_type=\"widget\" data-e-type=\"widget\" data-widget_type=\"wpforms.default\">\n\t\t\t\t<div class=\"elementor-widget-container\">\n\t\t\t\t\t<style id=\"wpforms-css-vars-elementor-widget-559ecbd\">\n\t\t\t\t.elementor-widget-wpforms.elementor-element-559ecbd {\n\t\t\t\t--wpforms-field-border-radius: 30px;\n--wpforms-button-border-radius: 30px;\n--wpforms-button-background-color: #3B81AC;\n--wpforms-field-size-input-height: 31px;\n--wpforms-field-size-input-spacing: 10px;\n--wpforms-field-size-font-size: 14px;\n--wpforms-field-size-line-height: 17px;\n--wpforms-field-size-padding-h: 9px;\n--wpforms-field-size-checkbox-size: 14px;\n--wpforms-field-size-sublabel-spacing: 5px;\n--wpforms-field-size-icon-size: 0.75;\n--wpforms-label-size-font-size: 18px;\n--wpforms-label-size-line-height: 21px;\n--wpforms-label-size-sublabel-font-size: 16px;\n--wpforms-label-size-sublabel-line-height: 19px;\n\t\t\t}\n\t\t\t<\/style><div class=\"wpforms-container wpforms-container-full wpforms-render-modern\" id=\"wpforms-1096\"><form id=\"wpforms-form-1096\" class=\"wpforms-validate wpforms-form\" data-formid=\"1096\" method=\"post\" enctype=\"multipart\/form-data\" action=\"\/index.php\/wp-json\/wp\/v2\/pages\/445\" data-token=\"d8edaedcd7ae96b8687a4b7e9d1dd17c\" data-token-time=\"1775624841\"><noscript class=\"wpforms-error-noscript\">Veuillez activer JavaScript dans votre navigateur pour remplir ce formulaire.<\/noscript><div id=\"wpforms-error-noscript\" style=\"display: none;\">Veuillez activer JavaScript dans votre navigateur pour remplir ce formulaire.<\/div><div class=\"wpforms-field-container\"><div id=\"wpforms-1096-field_0-container\" class=\"wpforms-field wpforms-field-name\" data-field-id=\"0\"><fieldset><legend class=\"wpforms-field-label\">Nom <span class=\"wpforms-required-label\" aria-hidden=\"true\">*<\/span><\/legend><div class=\"wpforms-field-row wpforms-field-medium\"><div class=\"wpforms-field-row-block wpforms-first wpforms-one-half\"><input type=\"text\" id=\"wpforms-1096-field_0\" class=\"wpforms-field-name-first wpforms-field-required\" name=\"wpforms[fields][0][first]\" placeholder=\"Votre Pr\u00e9nom \" aria-errormessage=\"wpforms-1096-field_0-error\" required><label for=\"wpforms-1096-field_0\" class=\"wpforms-field-sublabel after wpforms-sublabel-hide\">Pr\u00e9nom<\/label><\/div><div class=\"wpforms-field-row-block wpforms-one-half\"><input type=\"text\" id=\"wpforms-1096-field_0-last\" class=\"wpforms-field-name-last wpforms-field-required\" name=\"wpforms[fields][0][last]\" placeholder=\"Votre Nom\" aria-errormessage=\"wpforms-1096-field_0-last-error\" required><label for=\"wpforms-1096-field_0-last\" class=\"wpforms-field-sublabel after wpforms-sublabel-hide\">Nom<\/label><\/div><\/div><\/fieldset><\/div><div id=\"wpforms-1096-field_3-container\" class=\"wpforms-field wpforms-field-text\" data-field-id=\"3\"><label class=\"wpforms-field-label\" for=\"wpforms-1096-field_3\">Adresse <span class=\"wpforms-required-label\" aria-hidden=\"true\">*<\/span><\/label><input type=\"text\" id=\"wpforms-1096-field_3\" class=\"wpforms-field-medium wpforms-field-required\" name=\"wpforms[fields][3]\" placeholder=\"Votre adresse\" aria-errormessage=\"wpforms-1096-field_3-error\" required><\/div><div id=\"wpforms-1096-field_1-container\" class=\"wpforms-field wpforms-field-email\" data-field-id=\"1\"><label class=\"wpforms-field-label\" for=\"wpforms-1096-field_1\">Votre adresse de messagerie <span class=\"wpforms-required-label\" aria-hidden=\"true\">*<\/span><\/label><input type=\"email\" id=\"wpforms-1096-field_1\" class=\"wpforms-field-medium wpforms-field-required\" name=\"wpforms[fields][1]\" placeholder=\"Votre email\" spellcheck=\"false\" aria-errormessage=\"wpforms-1096-field_1-error\" required><\/div><div id=\"wpforms-1096-field_4-container\" class=\"wpforms-field wpforms-field-text\" data-field-id=\"4\"><label class=\"wpforms-field-label\" for=\"wpforms-1096-field_4\">T\u00e9l\u00e9phone <span class=\"wpforms-required-label\" aria-hidden=\"true\">*<\/span><\/label><input type=\"text\" id=\"wpforms-1096-field_4\" class=\"wpforms-field-medium wpforms-field-required\" name=\"wpforms[fields][4]\" placeholder=\"Votre t\u00e9l\u00e9phone\" aria-errormessage=\"wpforms-1096-field_4-error\" required><\/div><div id=\"wpforms-1096-field_2-container\" class=\"wpforms-field wpforms-field-textarea\" data-field-id=\"2\"><label class=\"wpforms-field-label\" for=\"wpforms-1096-field_2\">Message : <span class=\"wpforms-required-label\" aria-hidden=\"true\">*<\/span><\/label><textarea id=\"wpforms-1096-field_2\" class=\"wpforms-field-medium wpforms-field-required\" name=\"wpforms[fields][2]\" placeholder=\"Votre Message\" aria-errormessage=\"wpforms-1096-field_2-error\" required><\/textarea><\/div><\/div><!-- .wpforms-field-container --><div class=\"wpforms-field wpforms-field-hp\"><label for=\"wpforms-1096-field-hp\" class=\"wpforms-field-label\">Message<\/label><input type=\"text\" name=\"wpforms[hp]\" id=\"wpforms-1096-field-hp\" class=\"wpforms-field-medium\"><\/div><div class=\"wpforms-submit-container\" ><input type=\"hidden\" name=\"wpforms[id]\" value=\"1096\"><input type=\"hidden\" name=\"page_title\" value=\"\"><input type=\"hidden\" name=\"page_url\" value=\"https:\/\/cleaning.fr\/index.php\/wp-json\/wp\/v2\/pages\/445\"><input type=\"hidden\" name=\"url_referer\" value=\"\"><button type=\"submit\" name=\"wpforms[submit]\" id=\"wpforms-submit-1096\" class=\"wpforms-submit\" data-alt-text=\"Envoi...\" data-submit-text=\"Envoyer\" aria-live=\"assertive\" value=\"wpforms-submit\">Envoyer<\/button><\/div><\/form><\/div>  <!-- .wpforms-container -->\t\t\t\t<\/div>\n\t\t\t\t<\/div>\n\t\t\t\t<\/div>\n\t\t\t\t\t<\/div>\n\t\t\t\t<\/div>\n\t\t\t\t<section class=\"elementor-section elementor-top-section elementor-element elementor-element-abbqiuw elementor-section-boxed elementor-section-height-default elementor-section-height-default\" data-id=\"abbqiuw\" data-element_type=\"section\" data-e-type=\"section\">\n\t\t\t\t\t\t\t<div class=\"elementor-background-overlay\"><\/div>\n\t\t\t\t\t\t\t<div class=\"elementor-container elementor-column-gap-default\">\n\t\t\t\t\t<div class=\"elementor-column elementor-col-100 elementor-top-column elementor-element elementor-element-iwxquou\" data-id=\"iwxquou\" data-element_type=\"column\" data-e-type=\"column\">\n\t\t\t<div class=\"elementor-widget-wrap elementor-element-populated\">\n\t\t\t\t\t\t<div class=\"elementor-element elementor-element-2230d05 elementor-widget__width-initial elementor-widget elementor-widget-google_maps\" data-id=\"2230d05\" data-element_type=\"widget\" data-e-type=\"widget\" data-widget_type=\"google_maps.default\">\n\t\t\t\t<div class=\"elementor-widget-container\">\n\t\t\t\t\t\t\t<div class=\"elementor-custom-embed\">\n\t\t\t<iframe loading=\"lazy\"\n\t\t\t\t\tsrc=\"https:\/\/maps.google.com\/maps?q=37%20Rue%20Antibes%2C%2006400%20Cannes&#038;t=m&#038;z=12&#038;output=embed&#038;iwloc=near\"\n\t\t\t\t\ttitle=\"37 Rue Antibes, 06400 Cannes\"\n\t\t\t\t\taria-label=\"37 Rue Antibes, 06400 Cannes\"\n\t\t\t><\/iframe>\n\t\t<\/div>\n\t\t\t\t\t\t<\/div>\n\t\t\t\t<\/div>\n\t\t\t\t\t<\/div>\n\t\t<\/div>\n\t\t\t\t\t<\/div>\n\t\t<\/section>\n\t\t<div class=\"elementor-element elementor-element-71f5e34 e-flex e-con-boxed e-con e-parent\" data-id=\"71f5e34\" data-element_type=\"container\" data-e-type=\"container\">\n\t\t\t\t\t<div class=\"e-con-inner\">\n\t\t\t\t<div class=\"elementor-element elementor-element-c5ec6f3 elementor-widget elementor-widget-spacer\" data-id=\"c5ec6f3\" data-element_type=\"widget\" data-e-type=\"widget\" data-widget_type=\"spacer.default\">\n\t\t\t\t<div class=\"elementor-widget-container\">\n\t\t\t\t\t\t\t<div class=\"elementor-spacer\">\n\t\t\t<div class=\"elementor-spacer-inner\"><\/div>\n\t\t<\/div>\n\t\t\t\t\t\t<\/div>\n\t\t\t\t<\/div>\n\t\t\t\t\t<\/div>\n\t\t\t\t<\/div>\n\t\t\t\t<\/div>\n\t\t","protected":false},"excerpt":{"rendered":"<p>L&rsquo;\u00e9quipe de Cleaning est disponible pour r\u00e9pondre \u00e0 toutes vos interrogations. Vous envisagez de solliciter nos services de nettoyage dans les r\u00e9gions de Cannes, Mougins, Mandelieu, Golfe Juan, Juan les Pins, Antibes et Sophia Antipolis, Monaco, Saint-Tropez ? Pour nous joindre, veuillez remplir le formulaire ci-dessous et appuyez sur \u201cEnvoyer\u201d. Veuillez activer JavaScript dans votre [&hellip;]<\/p>\n","protected":false},"author":1,"featured_media":0,"parent":0,"menu_order":0,"comment_status":"closed","ping_status":"closed","template":"","meta":{"footnotes":""},"class_list":["post-445","page","type-page","status-publish","hentry","entry"],"yoast_head":"<!-- This site is optimized with the Yoast SEO plugin v27.3 - https:\/\/yoast.com\/product\/yoast-seo-wordpress\/ -->\n<title>Nous contacter - Entreprise des nettoyage<\/title>\n<meta name=\"robots\" content=\"index, follow, max-snippet:-1, max-image-preview:large, max-video-preview:-1\" \/>\n<link rel=\"canonical\" href=\"https:\/\/cleaning.fr\/index.php\/contact\/\" \/>\n<meta property=\"og:locale\" content=\"fr_FR\" \/>\n<meta property=\"og:type\" content=\"article\" \/>\n<meta property=\"og:title\" content=\"Nous contacter - Entreprise des nettoyage\" \/>\n<meta property=\"og:description\" content=\"L&rsquo;\u00e9quipe de Cleaning est disponible pour r\u00e9pondre \u00e0 toutes vos interrogations. Vous envisagez de solliciter nos services de nettoyage dans les r\u00e9gions de Cannes, Mougins, Mandelieu, Golfe Juan, Juan les Pins, Antibes et Sophia Antipolis, Monaco, Saint-Tropez ? Pour nous joindre, veuillez remplir le formulaire ci-dessous et appuyez sur \u201cEnvoyer\u201d. Veuillez activer JavaScript dans votre [&hellip;]\" \/>\n<meta property=\"og:url\" content=\"https:\/\/cleaning.fr\/index.php\/contact\/\" \/>\n<meta property=\"og:site_name\" content=\"Entreprise des nettoyage\" \/>\n<meta property=\"article:modified_time\" content=\"2025-03-26T00:46:06+00:00\" \/>\n<meta property=\"og:image\" content=\"https:\/\/cleaning.fr\/wp-content\/uploads\/2024\/01\/Poza-Cleaning-Contact-300x300.png\" \/>\n<meta name=\"twitter:card\" content=\"summary_large_image\" \/>\n<meta name=\"twitter:label1\" content=\"Dur\u00e9e de lecture estim\u00e9e\" \/>\n\t<meta name=\"twitter:data1\" content=\"1 minute\" \/>\n<script type=\"application\/ld+json\" class=\"yoast-schema-graph\">{\"@context\":\"https:\\\/\\\/schema.org\",\"@graph\":[{\"@type\":\"WebPage\",\"@id\":\"https:\\\/\\\/cleaning.fr\\\/index.php\\\/contact\\\/\",\"url\":\"https:\\\/\\\/cleaning.fr\\\/index.php\\\/contact\\\/\",\"name\":\"Nous contacter - Entreprise des nettoyage\",\"isPartOf\":{\"@id\":\"https:\\\/\\\/cleaning.fr\\\/#website\"},\"primaryImageOfPage\":{\"@id\":\"https:\\\/\\\/cleaning.fr\\\/index.php\\\/contact\\\/#primaryimage\"},\"image\":{\"@id\":\"https:\\\/\\\/cleaning.fr\\\/index.php\\\/contact\\\/#primaryimage\"},\"thumbnailUrl\":\"https:\\\/\\\/cleaning.fr\\\/wp-content\\\/uploads\\\/2024\\\/01\\\/Poza-Cleaning-Contact-300x300.png\",\"datePublished\":\"2016-09-27T10:30:02+00:00\",\"dateModified\":\"2025-03-26T00:46:06+00:00\",\"breadcrumb\":{\"@id\":\"https:\\\/\\\/cleaning.fr\\\/index.php\\\/contact\\\/#breadcrumb\"},\"inLanguage\":\"fr-FR\",\"potentialAction\":[{\"@type\":\"ReadAction\",\"target\":[\"https:\\\/\\\/cleaning.fr\\\/index.php\\\/contact\\\/\"]}]},{\"@type\":\"ImageObject\",\"inLanguage\":\"fr-FR\",\"@id\":\"https:\\\/\\\/cleaning.fr\\\/index.php\\\/contact\\\/#primaryimage\",\"url\":\"https:\\\/\\\/i0.wp.com\\\/cleaning.fr\\\/wp-content\\\/uploads\\\/2024\\\/01\\\/Poza-Cleaning-Contact.png?fit=1024%2C1024&ssl=1\",\"contentUrl\":\"https:\\\/\\\/i0.wp.com\\\/cleaning.fr\\\/wp-content\\\/uploads\\\/2024\\\/01\\\/Poza-Cleaning-Contact.png?fit=1024%2C1024&ssl=1\",\"width\":1024,\"height\":1024},{\"@type\":\"BreadcrumbList\",\"@id\":\"https:\\\/\\\/cleaning.fr\\\/index.php\\\/contact\\\/#breadcrumb\",\"itemListElement\":[{\"@type\":\"ListItem\",\"position\":1,\"name\":\"Accueil\",\"item\":\"https:\\\/\\\/cleaning.fr\\\/\"},{\"@type\":\"ListItem\",\"position\":2,\"name\":\"Nous contacter\"}]},{\"@type\":\"WebSite\",\"@id\":\"https:\\\/\\\/cleaning.fr\\\/#website\",\"url\":\"https:\\\/\\\/cleaning.fr\\\/\",\"name\":\"Entreprise des nettoyage\",\"description\":\"Pour un espace impeccable, satisfaction totale\",\"publisher\":{\"@id\":\"https:\\\/\\\/cleaning.fr\\\/#organization\"},\"potentialAction\":[{\"@type\":\"SearchAction\",\"target\":{\"@type\":\"EntryPoint\",\"urlTemplate\":\"https:\\\/\\\/cleaning.fr\\\/?s={search_term_string}\"},\"query-input\":{\"@type\":\"PropertyValueSpecification\",\"valueRequired\":true,\"valueName\":\"search_term_string\"}}],\"inLanguage\":\"fr-FR\"},{\"@type\":\"Organization\",\"@id\":\"https:\\\/\\\/cleaning.fr\\\/#organization\",\"name\":\"Entreprise des nettoyage\",\"url\":\"https:\\\/\\\/cleaning.fr\\\/\",\"logo\":{\"@type\":\"ImageObject\",\"inLanguage\":\"fr-FR\",\"@id\":\"https:\\\/\\\/cleaning.fr\\\/#\\\/schema\\\/logo\\\/image\\\/\",\"url\":\"https:\\\/\\\/i0.wp.com\\\/cleaning.fr\\\/wp-content\\\/uploads\\\/2024\\\/01\\\/cropped-cropped-Logo-cleaning-modificat.png?fit=513%2C140&ssl=1\",\"contentUrl\":\"https:\\\/\\\/i0.wp.com\\\/cleaning.fr\\\/wp-content\\\/uploads\\\/2024\\\/01\\\/cropped-cropped-Logo-cleaning-modificat.png?fit=513%2C140&ssl=1\",\"width\":513,\"height\":140,\"caption\":\"Entreprise des nettoyage \"},\"image\":{\"@id\":\"https:\\\/\\\/cleaning.fr\\\/#\\\/schema\\\/logo\\\/image\\\/\"}}]}<\/script>\n<!-- \/ Yoast SEO plugin. -->","yoast_head_json":{"title":"Nous contacter - Entreprise des nettoyage","robots":{"index":"index","follow":"follow","max-snippet":"max-snippet:-1","max-image-preview":"max-image-preview:large","max-video-preview":"max-video-preview:-1"},"canonical":"https:\/\/cleaning.fr\/index.php\/contact\/","og_locale":"fr_FR","og_type":"article","og_title":"Nous contacter - Entreprise des nettoyage","og_description":"L&rsquo;\u00e9quipe de Cleaning est disponible pour r\u00e9pondre \u00e0 toutes vos interrogations. Vous envisagez de solliciter nos services de nettoyage dans les r\u00e9gions de Cannes, Mougins, Mandelieu, Golfe Juan, Juan les Pins, Antibes et Sophia Antipolis, Monaco, Saint-Tropez ? Pour nous joindre, veuillez remplir le formulaire ci-dessous et appuyez sur \u201cEnvoyer\u201d. Veuillez activer JavaScript dans votre [&hellip;]","og_url":"https:\/\/cleaning.fr\/index.php\/contact\/","og_site_name":"Entreprise des nettoyage","article_modified_time":"2025-03-26T00:46:06+00:00","og_image":[{"url":"https:\/\/cleaning.fr\/wp-content\/uploads\/2024\/01\/Poza-Cleaning-Contact-300x300.png","type":"","width":"","height":""}],"twitter_card":"summary_large_image","twitter_misc":{"Dur\u00e9e de lecture estim\u00e9e":"1 minute"},"schema":{"@context":"https:\/\/schema.org","@graph":[{"@type":"WebPage","@id":"https:\/\/cleaning.fr\/index.php\/contact\/","url":"https:\/\/cleaning.fr\/index.php\/contact\/","name":"Nous contacter - Entreprise des nettoyage","isPartOf":{"@id":"https:\/\/cleaning.fr\/#website"},"primaryImageOfPage":{"@id":"https:\/\/cleaning.fr\/index.php\/contact\/#primaryimage"},"image":{"@id":"https:\/\/cleaning.fr\/index.php\/contact\/#primaryimage"},"thumbnailUrl":"https:\/\/cleaning.fr\/wp-content\/uploads\/2024\/01\/Poza-Cleaning-Contact-300x300.png","datePublished":"2016-09-27T10:30:02+00:00","dateModified":"2025-03-26T00:46:06+00:00","breadcrumb":{"@id":"https:\/\/cleaning.fr\/index.php\/contact\/#breadcrumb"},"inLanguage":"fr-FR","potentialAction":[{"@type":"ReadAction","target":["https:\/\/cleaning.fr\/index.php\/contact\/"]}]},{"@type":"ImageObject","inLanguage":"fr-FR","@id":"https:\/\/cleaning.fr\/index.php\/contact\/#primaryimage","url":"https:\/\/i0.wp.com\/cleaning.fr\/wp-content\/uploads\/2024\/01\/Poza-Cleaning-Contact.png?fit=1024%2C1024&ssl=1","contentUrl":"https:\/\/i0.wp.com\/cleaning.fr\/wp-content\/uploads\/2024\/01\/Poza-Cleaning-Contact.png?fit=1024%2C1024&ssl=1","width":1024,"height":1024},{"@type":"BreadcrumbList","@id":"https:\/\/cleaning.fr\/index.php\/contact\/#breadcrumb","itemListElement":[{"@type":"ListItem","position":1,"name":"Accueil","item":"https:\/\/cleaning.fr\/"},{"@type":"ListItem","position":2,"name":"Nous contacter"}]},{"@type":"WebSite","@id":"https:\/\/cleaning.fr\/#website","url":"https:\/\/cleaning.fr\/","name":"Entreprise des nettoyage","description":"Pour un espace impeccable, satisfaction totale","publisher":{"@id":"https:\/\/cleaning.fr\/#organization"},"potentialAction":[{"@type":"SearchAction","target":{"@type":"EntryPoint","urlTemplate":"https:\/\/cleaning.fr\/?s={search_term_string}"},"query-input":{"@type":"PropertyValueSpecification","valueRequired":true,"valueName":"search_term_string"}}],"inLanguage":"fr-FR"},{"@type":"Organization","@id":"https:\/\/cleaning.fr\/#organization","name":"Entreprise des nettoyage","url":"https:\/\/cleaning.fr\/","logo":{"@type":"ImageObject","inLanguage":"fr-FR","@id":"https:\/\/cleaning.fr\/#\/schema\/logo\/image\/","url":"https:\/\/i0.wp.com\/cleaning.fr\/wp-content\/uploads\/2024\/01\/cropped-cropped-Logo-cleaning-modificat.png?fit=513%2C140&ssl=1","contentUrl":"https:\/\/i0.wp.com\/cleaning.fr\/wp-content\/uploads\/2024\/01\/cropped-cropped-Logo-cleaning-modificat.png?fit=513%2C140&ssl=1","width":513,"height":140,"caption":"Entreprise des nettoyage "},"image":{"@id":"https:\/\/cleaning.fr\/#\/schema\/logo\/image\/"}}]}},"_links":{"self":[{"href":"https:\/\/cleaning.fr\/index.php\/wp-json\/wp\/v2\/pages\/445","targetHints":{"allow":["GET"]}}],"collection":[{"href":"https:\/\/cleaning.fr\/index.php\/wp-json\/wp\/v2\/pages"}],"about":[{"href":"https:\/\/cleaning.fr\/index.php\/wp-json\/wp\/v2\/types\/page"}],"author":[{"embeddable":true,"href":"https:\/\/cleaning.fr\/index.php\/wp-json\/wp\/v2\/users\/1"}],"replies":[{"embeddable":true,"href":"https:\/\/cleaning.fr\/index.php\/wp-json\/wp\/v2\/comments?post=445"}],"version-history":[{"count":16,"href":"https:\/\/cleaning.fr\/index.php\/wp-json\/wp\/v2\/pages\/445\/revisions"}],"predecessor-version":[{"id":1610,"href":"https:\/\/cleaning.fr\/index.php\/wp-json\/wp\/v2\/pages\/445\/revisions\/1610"}],"wp:attachment":[{"href":"https:\/\/cleaning.fr\/index.php\/wp-json\/wp\/v2\/media?parent=445"}],"curies":[{"name":"wp","href":"https:\/\/api.w.org\/{rel}","templated":true}]}}